{"id":108,"date":"2023-10-18T13:29:46","date_gmt":"2023-10-18T11:29:46","guid":{"rendered":"https:\/\/pedicure-torrevieja.es\/?page_id=108"},"modified":"2024-06-04T16:15:34","modified_gmt":"2024-06-04T14:15:34","slug":"legal-notice","status":"publish","type":"page","link":"https:\/\/pedicure-torrevieja.es\/de\/legal-notice\/","title":{"rendered":"Aviso Legal \/ Legal Notice"},"content":{"rendered":"<p><\/p>\n\n\n<p><a data-id-d=\"1\" data-img-style=\"width: 100%;\"><img loading=\"lazy\" decoding=\"async\" src=\"https:\/\/pedicure-torrevieja.es\/wp-content\/uploads\/2023\/10\/Logo-Pedicure-Torrevieja.png\" height=\"300\" width=\"300\" alt=\"Logo Pedicure Torrevieja\" style=\"width: 100%;\"><\/img><\/a><\/p>\n<p style=\"\"><strong>Website:<\/strong><\/p>\n<p style=\"\">Villa Navia 32C\/Fray Luis de LeonDehesa de Campoamor<\/p>\n<p style=\"\">03189 Orihuela Costa &#8211; AlicanteSpain \/ Espa\u00f1a<\/p>\n<p style=\"\">\n<p style=\"\">Contacto:<\/p>\n<p style=\"\">\u200bTel\u00e9fono: <a data-dynamic-link=\"thrive_global_fields_url\" data-shortcode-id=\"9\" href=\"https:\/\/lp-build.thrivethemes.com\/?content_block=contact-area-block-01-4&amp;tve=true&amp;tcbf=52c4fdfcdb\" rel=\"noopener\" target=\"_blank\" style=\"outline: none;\">+34 613 470 173<\/a>Email: info@pedicure-torrevieja.esWebsite: www.pedicure-torrevieja.es<\/p>\n<p style=\"\">\n<p style=\"\"><strong>Representado por:<\/strong><\/p>\n<p style=\"\">Nina Gebauhr<\/p>\n<p style=\"\">\n<p style=\"\">Descargo de responsabilidad:Responsabilidad por el contenidoLos contenidos de nuestras p\u00e1ginas han sido creados con el m\u00e1ximo cuidado. Sin embargo, no podemos garantizar la exactitud, integridad o actualidad del contenido. Seg\u00fan las disposiciones legales, somos adem\u00e1s responsables de nuestro propio contenido en estas p\u00e1ginas web. En este contexto, tenga en cuenta que, por lo tanto, no estamos obligados a controlar \u00fanicamente la informaci\u00f3n transmitida o guardada de terceros ni a investigar circunstancias que indiquen una actividad ilegal. Nuestras obligaciones de eliminar o bloquear el uso de informaci\u00f3n seg\u00fan las leyes de aplicaci\u00f3n general no se ven afectadas por esto seg\u00fan los art\u00edculos 8 a 10 de la Ley de Telemedia (TMG).<\/p>\n<p data-empty=\"true\">","protected":false},"excerpt":{"rendered":"<p>Website: Villa Navia 32C\/Fray Luis de LeonDehesa de Campoamor 03189 Orihuela Costa &#8211; AlicanteSpain \/ Espa\u00f1a Contacto: \u200bTel\u00e9fono: +34 613 470 173Email: info@pedicure-torrevieja.esWebsite: www.pedicure-torrevieja.es Representado por: Nina Gebauhr Descargo de responsabilidad:Responsabilidad por el contenidoLos contenidos de nuestras p\u00e1ginas han sido creados con el m\u00e1ximo cuidado. Sin embargo, no podemos garantizar la exactitud, integridad o actualidad [&hellip;]<\/p>\n","protected":false},"author":1,"featured_media":0,"parent":0,"menu_order":0,"comment_status":"closed","ping_status":"closed","template":"","meta":{"site-sidebar-layout":"default","site-content-layout":"","ast-site-content-layout":"default","site-content-style":"default","site-sidebar-style":"default","ast-global-header-display":"","ast-banner-title-visibility":"","ast-main-header-display":"","ast-hfb-above-header-display":"","ast-hfb-below-header-display":"","ast-hfb-mobile-header-display":"","site-post-title":"","ast-breadcrumbs-content":"","ast-featured-img":"","footer-sml-layout":"","ast-disable-related-posts":"","theme-transparent-header-meta":"","adv-header-id-meta":"","stick-header-meta":"","header-above-stick-meta":"","header-main-stick-meta":"","header-below-stick-meta":"","astra-migrate-meta-layouts":"default","ast-page-background-enabled":"default","ast-page-background-meta":{"desktop":{"background-color":"var(--ast-global-color-4)","background-image":"","background-repeat":"repeat","background-position":"center center","background-size":"auto","background-attachment":"scroll","background-type":"","background-media":"","overlay-type":"","overlay-color":"","overlay-opacity":"","overlay-gradient":""},"tablet":{"background-color":"","background-image":"","background-repeat":"repeat","background-position":"center center","background-size":"auto","background-attachment":"scroll","background-type":"","background-media":"","overlay-type":"","overlay-color":"","overlay-opacity":"","overlay-gradient":""},"mobile":{"background-color":"","background-image":"","background-repeat":"repeat","background-position":"center center","background-size":"auto","background-attachment":"scroll","background-type":"","background-media":"","overlay-type":"","overlay-color":"","overlay-opacity":"","overlay-gradient":""}},"ast-content-background-meta":{"desktop":{"background-color":"var(--ast-global-color-5)","background-image":"","background-repeat":"repeat","background-position":"center center","background-size":"auto","background-attachment":"scroll","background-type":"","background-media":"","overlay-type":"","overlay-color":"","overlay-opacity":"","overlay-gradient":""},"tablet":{"background-color":"var(--ast-global-color-5)","background-image":"","background-repeat":"repeat","background-position":"center center","background-size":"auto","background-attachment":"scroll","background-type":"","background-media":"","overlay-type":"","overlay-color":"","overlay-opacity":"","overlay-gradient":""},"mobile":{"background-color":"var(--ast-global-color-5)","background-image":"","background-repeat":"repeat","background-position":"center center","background-size":"auto","background-attachment":"scroll","background-type":"","background-media":"","overlay-type":"","overlay-color":"","overlay-opacity":"","overlay-gradient":""}},"iawp_total_views":39,"footnotes":""},"class_list":["post-108","page","type-page","status-publish","hentry"],"aioseo_notices":[],"_links":{"self":[{"href":"https:\/\/pedicure-torrevieja.es\/de\/wp-json\/wp\/v2\/pages\/108","targetHints":{"allow":["GET"]}}],"collection":[{"href":"https:\/\/pedicure-torrevieja.es\/de\/wp-json\/wp\/v2\/pages"}],"about":[{"href":"https:\/\/pedicure-torrevieja.es\/de\/wp-json\/wp\/v2\/types\/page"}],"author":[{"embeddable":true,"href":"https:\/\/pedicure-torrevieja.es\/de\/wp-json\/wp\/v2\/users\/1"}],"replies":[{"embeddable":true,"href":"https:\/\/pedicure-torrevieja.es\/de\/wp-json\/wp\/v2\/comments?post=108"}],"version-history":[{"count":8,"href":"https:\/\/pedicure-torrevieja.es\/de\/wp-json\/wp\/v2\/pages\/108\/revisions"}],"predecessor-version":[{"id":340,"href":"https:\/\/pedicure-torrevieja.es\/de\/wp-json\/wp\/v2\/pages\/108\/revisions\/340"}],"wp:attachment":[{"href":"https:\/\/pedicure-torrevieja.es\/de\/wp-json\/wp\/v2\/media?parent=108"}],"curies":[{"name":"wp","href":"https:\/\/api.w.org\/{rel}","templated":true}]}}