{"id":94,"date":"2023-10-13T12:36:58","date_gmt":"2023-10-13T10:36:58","guid":{"rendered":"https:\/\/pedicure-torrevieja.es\/?page_id=94"},"modified":"2026-03-03T13:44:05","modified_gmt":"2026-03-03T12:44:05","slug":"prices-and-services","status":"publish","type":"page","link":"https:\/\/pedicure-torrevieja.es\/de\/prices-and-services\/","title":{"rendered":"Prices and Services"},"content":{"rendered":"<p><a data-id-d=\"1\" data-img-style=\"width: 100%;\"><img loading=\"lazy\" decoding=\"async\" src=\"https:\/\/pedicure-torrevieja.es\/wp-content\/uploads\/2023\/10\/Logo-Pedicure-Torrevieja.png\" height=\"300\" width=\"300\" alt=\"Logo Pedicure Torrevieja\" style=\"width: 100%;\"><\/img><\/a><\/p>\n<h3 style=\"text-align: center;\">check out my prices and services:<\/h3>\n<p>  <a tabindex=\"0\" onclick=\"openModal('https:\/\/pedicure-torrevieja.es\/wp-content\/uploads\/2026\/03\/Elegant-Price-List-Beauty-Salon-Instagram-Story.png')\" style=\"cursor: pointer;\">    <img decoding=\"async\" src=\"https:\/\/pedicure-torrevieja.es\/wp-content\/uploads\/2026\/03\/Elegant-Price-List-Beauty-Salon-Instagram-Story.png\" alt=\"Flyer Deutsch\" loading=\"lazy\" style=\"max-width: 450px; width: 100%; height: auto; object-fit: contain; cursor: pointer; border: 2px solid #ddd; border-radius: 8px; transition: transform 0.3s ease; display: block; margin: 0 auto;\" onmouseover=\"this.style.transform='scale(1.02)'\" onmouseout=\"this.style.transform='scale(1)'\">  <\/a><!-- Modal Overlay (f\u00fcr beide Sprachen) -->  <span onclick=\"closeModal()\">\u00d7<\/span>  <img id=\"modalImage\">[tcb-script]function openModal(imageSrc) {  var modal = document.getElementById(&#8216;imageModal&#8217;);  var modalImg = document.getElementById(&#8216;modalImage&#8217;);  modal.style.display = &#8216;block&#8217;;  modalImg.src = imageSrc;  document.addEventListener(&#8216;keydown&#8217;, escKeyHandler);  document.body.style.overflow = &#8216;hidden&#8217;; \/\/ Scrollen im Hintergrund verhindern}function closeModal() {  var modal = document.getElementById(&#8216;imageModal&#8217;);  modal.style.display = &#8216;none&#8217;;  document.removeEventListener(&#8216;keydown&#8217;, escKeyHandler);  document.body.style.overflow = &#8221;; \/\/ Scrollen wieder erlauben}\/\/ ESC-Taste Funktionfunction escKeyHandler(event) {  if (event.key === &#8216;Escape&#8217; || event.keyCode === 27) {    closeModal();  }}\/\/ Schlie\u00dfen bei Klick au\u00dferhalb des Bildeswindow.onclick = function(event) {  var modal = document.getElementById(&#8216;imageModal&#8217;);  if (event.target == modal) {    closeModal();  }}[\/tcb-script]<!--\ud83d\udca1 Verbesserungen:- Nie abgeschnitten (max-width\/vh + overflow:auto)- Objekt passt sich Viewport komplett an- Mobil: Scroll m\u00f6glich falls Bild gr\u00f6\u00dfer- ESC, Klick au\u00dfen & X schlie\u00dfen Modal- 100% kompatibel mit TranslatePress + Thrive Architect--><\/p>\n","protected":false},"excerpt":{"rendered":"<p>check out my prices and services: \u00d7 [tcb-script]function openModal(imageSrc) { var modal = document.getElementById(&#8216;imageModal&#8217;); var modalImg = document.getElementById(&#8216;modalImage&#8217;); modal.style.display = &#8216;block&#8217;; modalImg.src = imageSrc; document.addEventListener(&#8216;keydown&#8217;, escKeyHandler); document.body.style.overflow = &#8216;hidden&#8217;; \/\/ Scrollen im Hintergrund verhindern}function closeModal() { var modal = document.getElementById(&#8216;imageModal&#8217;); modal.style.display = &#8216;none&#8217;; document.removeEventListener(&#8216;keydown&#8217;, escKeyHandler); document.body.style.overflow = &#8221;; \/\/ Scrollen wieder erlauben}\/\/ ESC-Taste Funktionfunction escKeyHandler(event) [&hellip;]<\/p>\n","protected":false},"author":1,"featured_media":0,"parent":0,"menu_order":0,"comment_status":"closed","ping_status":"closed","template":"","meta":{"site-sidebar-layout":"default","site-content-layout":"","ast-site-content-layout":"default","site-content-style":"default","site-sidebar-style":"default","ast-global-header-display":"","ast-banner-title-visibility":"","ast-main-header-display":"","ast-hfb-above-header-display":"","ast-hfb-below-header-display":"","ast-hfb-mobile-header-display":"","site-post-title":"","ast-breadcrumbs-content":"","ast-featured-img":"","footer-sml-layout":"","ast-disable-related-posts":"","theme-transparent-header-meta":"","adv-header-id-meta":"","stick-header-meta":"","header-above-stick-meta":"","header-main-stick-meta":"","header-below-stick-meta":"","astra-migrate-meta-layouts":"default","ast-page-background-enabled":"default","ast-page-background-meta":{"desktop":{"background-color":"var(--ast-global-color-4)","background-image":"","background-repeat":"repeat","background-position":"center center","background-size":"auto","background-attachment":"scroll","background-type":"","background-media":"","overlay-type":"","overlay-color":"","overlay-opacity":"","overlay-gradient":""},"tablet":{"background-color":"","background-image":"","background-repeat":"repeat","background-position":"center center","background-size":"auto","background-attachment":"scroll","background-type":"","background-media":"","overlay-type":"","overlay-color":"","overlay-opacity":"","overlay-gradient":""},"mobile":{"background-color":"","background-image":"","background-repeat":"repeat","background-position":"center center","background-size":"auto","background-attachment":"scroll","background-type":"","background-media":"","overlay-type":"","overlay-color":"","overlay-opacity":"","overlay-gradient":""}},"ast-content-background-meta":{"desktop":{"background-color":"var(--ast-global-color-5)","background-image":"","background-repeat":"repeat","background-position":"center center","background-size":"auto","background-attachment":"scroll","background-type":"","background-media":"","overlay-type":"","overlay-color":"","overlay-opacity":"","overlay-gradient":""},"tablet":{"background-color":"var(--ast-global-color-5)","background-image":"","background-repeat":"repeat","background-position":"center center","background-size":"auto","background-attachment":"scroll","background-type":"","background-media":"","overlay-type":"","overlay-color":"","overlay-opacity":"","overlay-gradient":""},"mobile":{"background-color":"var(--ast-global-color-5)","background-image":"","background-repeat":"repeat","background-position":"center center","background-size":"auto","background-attachment":"scroll","background-type":"","background-media":"","overlay-type":"","overlay-color":"","overlay-opacity":"","overlay-gradient":""}},"iawp_total_views":371,"footnotes":""},"class_list":["post-94","page","type-page","status-publish","hentry"],"aioseo_notices":[],"_links":{"self":[{"href":"https:\/\/pedicure-torrevieja.es\/de\/wp-json\/wp\/v2\/pages\/94","targetHints":{"allow":["GET"]}}],"collection":[{"href":"https:\/\/pedicure-torrevieja.es\/de\/wp-json\/wp\/v2\/pages"}],"about":[{"href":"https:\/\/pedicure-torrevieja.es\/de\/wp-json\/wp\/v2\/types\/page"}],"author":[{"embeddable":true,"href":"https:\/\/pedicure-torrevieja.es\/de\/wp-json\/wp\/v2\/users\/1"}],"replies":[{"embeddable":true,"href":"https:\/\/pedicure-torrevieja.es\/de\/wp-json\/wp\/v2\/comments?post=94"}],"version-history":[{"count":11,"href":"https:\/\/pedicure-torrevieja.es\/de\/wp-json\/wp\/v2\/pages\/94\/revisions"}],"predecessor-version":[{"id":384,"href":"https:\/\/pedicure-torrevieja.es\/de\/wp-json\/wp\/v2\/pages\/94\/revisions\/384"}],"wp:attachment":[{"href":"https:\/\/pedicure-torrevieja.es\/de\/wp-json\/wp\/v2\/media?parent=94"}],"curies":[{"name":"wp","href":"https:\/\/api.w.org\/{rel}","templated":true}]}}